{"id":1063,"date":"2016-03-14T19:34:37","date_gmt":"2016-03-14T19:34:37","guid":{"rendered":"http:\/\/wordpress-13359-29135-128930.cloudwaysapps.com\/?page_id=1063"},"modified":"2017-05-07T17:22:07","modified_gmt":"2017-05-07T17:22:07","slug":"homepage-with-revolution-slider","status":"publish","type":"page","link":"\/","title":{"rendered":"Accueil"},"content":{"rendered":"<p>[vc_row full_width=\u00a0\u00bbstretch_row\u00a0\u00bb css=\u00a0\u00bb.vc_custom_1459789901843{background-color: #ffffff !important;}\u00a0\u00bb][vc_column]\n        <!--start advance search module-->\n        <div class=\"advanced-search advanced-search-module houzez-adv-price-range\">\n\n                            <h3 class=\"advance-title\"><i class=\"fa fa-search\"><\/i> Recherche<\/h3>\n                        <form autocomplete=\"off\" method=\"get\" action=\"\/\">\n\t\t\t\t<input type=\"hidden\" name=\"page_id\" value=\"3160\">\n                <div class=\"row\">\n                    \n                    \n                    \n                    \n                                        <div class=\"col-sm-2 col-xs-6\">\n                        <div class=\"form-group areas-select\">\n                            <select name=\"area\" class=\"selectpicker\" data-live-search=\"false\" data-live-search-style=\"begins\">\n                                <option value=\"\">Tous les quartiers<\/option><option data-parentcity=\"\" value=\"val-belair\"> Val B\u00e9lair<\/option><option data-parentcity=\"\" value=\"quebec-val-belair\">-  Quebec<\/option><option data-parentcity=\"\" value=\"val-belair-val-belair\">-  Val-Belair<\/option>                            <\/select>\n                        <\/div>\n                    <\/div>\n                    \n                                        <div class=\"col-sm-2 col-xs-6\">\n                        <div class=\"form-group\">\n                            <select class=\"selectpicker\" name=\"type\" data-live-search=\"false\"\n                                    data-live-search-style=\"begins\">\n                                <option value=\"\">Toutes les grandeurs<\/option><option value=\"one-half\"> 1 1\/2<\/option><option value=\"two-half\"> 2 1\/2<\/option><option value=\"three-half\"> 3 1\/2<\/option><option value=\"four-half\"> 4 1\/2<\/option><option value=\"five-half\"> 5 1\/2<\/option><option value=\"six-half\"> 6 1\/2<\/option>                            <\/select>\n                        <\/div>\n                    <\/div>\n                    \n                   \n                    \n                    \n                    \n                    \n                                            <div class=\"col-sm-2 col-xs-6\">\n                            <div class=\"form-group\">\n                                <select class=\"selectpicker\" name=\"label\" data-live-search=\"false\" data-live-search-style=\"begins\">\n                                    <option value=\"\">Toutes les disponibilit\u00e9s<\/option><option value=\"8-aout\"> 1er Ao\u00fbt<\/option><option value=\"4-avril\"> 1er Avril<\/option><option value=\"12-decembre\"> 1er D\u00e9cembre<\/option><option value=\"2-fevrier\"> 1er F\u00e9vrier<\/option><option value=\"01-janvier\"> 1er Janvier<\/option><option value=\"7-juillet\"> 1er Juillet<\/option><option value=\"6-juin\"> 1er Juin<\/option><option value=\"5-mai\"> 1er Mai<\/option><option value=\"3-mars\"> 1er Mars<\/option><option value=\"11-novembre\"> 1er Novembre<\/option><option value=\"10-octobre\"> 1er Octobre<\/option><option value=\"9-septembre\"> 1er Septembre<\/option><option value=\"0-des-maintenant\"> D\u00e8s Maintenant<\/option>                                <\/select>\n                            <\/div>\n                        <\/div>\n                    \n                    \n                                                                         <div class=\"col-sm-4 col-xs-6\">\n                                <div class=\"range-advanced-main\">\n                                    <div class=\"range-text\">\n                                        <input type=\"hidden\" name=\"min-price\" class=\"min-price-range-hidden range-input\" readonly >\n                                        <input type=\"hidden\" name=\"max-price\" class=\"max-price-range-hidden range-input\" readonly >\n                                        <p><span class=\"range-title\">Loyer :<\/span> De <span class=\"min-price-range\"><\/span> \u00e0 <span class=\"max-price-range\"><\/span><\/p>\n                                    <\/div>\n                                    <div class=\"range-wrap\">\n                                        <div class=\"price-range-advanced\"><\/div>\n                                    <\/div>\n                                <\/div>\n                            <\/div>\n                                                        <div class=\"col-sm-2 col-xs-12\">\n                                <button type=\"submit\" class=\"btn btn-primary\"><i\n                                        class=\"fa fa-search\"><\/i><\/i>Recherche<\/button>\n                            <\/div>\n                    \n\n                    <div class=\"col-sm-12 col-xs-12 other-features clearfix\">\n                        <div class=\"row\">\n                          <!-- <div class=\"col-sm-2 col-xs-12\">\n                              <button type=\"submit\" class=\"btn btn-secondary\"><i\n                                      class=\"fa fa-search\"><\/i><\/i>Recherche<\/button>\n                          <\/div> -->\n\n                            \n                        <\/div>\n                    <\/div>\n\n                    \n                <\/div>\n            <\/form>\n\n        <\/div>\n        <!--end advance search module-->\n\n        [\/vc_column][\/vc_row][vc_row][vc_column]\t\t<div\r\n\t\t\tclass=\"houzez-module module-title section-title-module text-center \">\r\n\t\t\t<h2>En vedette<\/h2>\r\n\r\n\t\t\t<h3 class=\"sub-heading\"><\/h3>\r\n\t\t<\/div>\r\n\t\t[vc_separator color=\u00a0\u00bbblue\u00a0\u00bb el_width=\u00a0\u00bb20&Prime; css=\u00a0\u00bb.vc_custom_1487190634118{margin-top: 0px !important;margin-bottom: 0px !important;padding-top: 0px !important;padding-bottom: 0px !important;}\u00a0\u00bb]\t\t<div id=\"properties_module_section\" class=\"houzez-module property-item-module\">\r\n\t\t\t<div id=\"properties_module_container\">\r\n\t\t\t\t<div id=\"module_properties\" class=\"property-listing grid-view grid-view-3-col\">\r\n\r\n\t\t\t\t\t<div id=\"ID-3946\" class=\"item-wrap infobox_trigger item-grand-4-1-2-construction-neuve-a-val-belair\">\n    <div class=\"property-item table-list\">\n        <div class=\"table-cell\">\n            <div class=\"figure-block\">\n                <figure class=\"item-thumb\">\n\n                        <span class=\"label-featured label label-success\">En Vedette<\/span>\n\n                    <div class=\"label-wrap label-right hide-on-list\">\n                        <span class=\"label-status label-status-104 label label-default\">\u00c0 Louer<\/span>                    <\/div>\n\n                    <div class=\"price hide-on-list\"><span class=\"item-price\">1 220$<\/span><\/div>\n                    <a class=\"hover-effect\" href=\"\/?property=grand-4-1-2-construction-neuve-val-belair\">\n                        <img loading=\"lazy\" decoding=\"async\" width=\"385\" height=\"258\" src=\"\/wp-content\/uploads\/2022\/03\/275517391_10161404803159989_1502475272278942810_n-385x258.jpg\" class=\"attachment-houzez-property-thumb-image size-houzez-property-thumb-image wp-post-image\" alt=\"\" \/>                    <\/a>\n                                    <\/figure>\n            <\/div>\n        <\/div>\n        <div class=\"item-body table-cell\">\n\n            <div class=\"body-left table-cell\">\n                <div class=\"info-row\">\n                    <div class=\"label-wrap hide-on-grid\">\n                        <span class=\"label-status label-status-104 label label-default\">\u00c0 Louer<\/span>                    <\/div>\n                    <h2 class=\"property-title\"><a href=\"\/?property=grand-4-1-2-construction-neuve-val-belair\">Grand 4 1\/2 construction neuve \u00e0 Val-B\u00e9lair<\/a><\/h2>                <\/div>\n                <div class=\"info-row amenities hide-on-grid\">\n                    <p><span>Quartier : Val B\u00e9lair<\/span><br \/><span>Comprend : Chauffage, \u00c9clairage<\/span><br \/><span>Chambres : 2<\/span><\/p>                    <p>Appartement : 4 1\/2<\/p>\n                <\/div>\n\n                \n            <\/div>\n            <div class=\"body-right table-cell hidden-gird-cell\">\n\n                <div class=\"info-row price\"><span class=\"item-price\">1 220$<\/span><\/div>\n\n                <div class=\"info-row phone text-right\">\n                    <a href=\"\/?property=grand-4-1-2-construction-neuve-val-belair\" class=\"btn btn-primary\">D\u00e9tails <i class=\"fa fa-angle-right fa-right\"><\/i><\/a>\n                <\/div>\n            <\/div>\n\n            <div class=\"table-list full-width hide-on-list\">\n                <div class=\"cell\">\n                    <div class=\"info-row amenities\">\n                        <p><span>Quartier : Val B\u00e9lair<\/span><br \/><span>Comprend : Chauffage, \u00c9clairage<\/span><br \/><span>Chambres : 2<\/span><\/p>                        <p>4 1\/2<\/p>\n\n                    <\/div>\n                <\/div>\n                <div class=\"cell\">\n                    <div class=\"phone\">\n                        <a href=\"\/?property=grand-4-1-2-construction-neuve-val-belair\" class=\"btn btn-primary\"> D\u00e9tails <i class=\"fa fa-angle-right fa-right\"><\/i><\/a>\n                    <\/div>\n                <\/div>\n            <\/div>\n        <\/div>\n    <\/div>\n\n    \n<\/div>\n\n\r\n\t\t\t\t<\/div>\r\n\t\t\t\t<!-- end container-content -->\r\n\t\t\t<\/div>\r\n\t\t\t<div class=\"clearfix\"><\/div>\r\n\t\t\t\t\t<\/div>\r\n\r\n\t\t[\/vc_column][\/vc_row][vc_row][vc_column]\t\t<div\r\n\t\t\tclass=\"houzez-module module-title section-title-module text-center \">\r\n\t\t\t<h2>Nos derni\u00e8res nouvelles<\/h2>\r\n\r\n\t\t\t<h3 class=\"sub-heading\"><\/h3>\r\n\t\t<\/div>\r\n\t\t[vc_separator color=\u00a0\u00bbblue\u00a0\u00bb el_width=\u00a0\u00bb20&Prime;]\n                <div id=\"post-card-grid-module\" class=\"houzez-module post-card-module\">\n                        <div class=\"row grid-row\">\n                                    <div class=\"col-md-3 col-sm-6 col-xs-12\">\n                        \n<div class=\"item-wrap\">\n\t<div id=\"post-3916\" class=\"post-card-item post-3916 post type-post status-publish format-standard has-post-thumbnail hentry category-uncategorized\">\n\t\t\t\t<div class=\"figure-block\">\n\t\t\t<figure class=\"item-thumb\">\n\t\t\t\t<a href=\"\/?p=3916\" class=\"hover-effect\">\n\t\t\t\t\t<img loading=\"lazy\" decoding=\"async\" width=\"385\" height=\"258\" src=\"\/wp-content\/uploads\/2017\/06\/100-Canadian-Dollar-Bill-2011-385x258.jpg\" class=\"attachment-houzez-property-thumb-image size-houzez-property-thumb-image wp-post-image\" alt=\"\" \/>\t\t\t\t<\/a>\n\t\t\t\t<figcaption class=\"thumb-caption clearfix\">\n\t\t\t\t\t<!-- <div class=\"file-type pull-left\"><i class=\"fa fa-file\"><\/i><\/div> -->\n\t\t\t\t<\/figcaption>\n\t\t\t<\/figure>\n\t\t<\/div>\n\t\t\t\t<div class=\"post-card-body\">\n\n\t\t\t<div class=\"post-card-description\">\n\t\t\t\t<ul class=\"list-inline\">\n\t\t\t\t\t\t\t\t\t\t<li><time datetime=\"juin 7, 2017\"><i class=\"fa fa-calendar\"><\/i> juin 7, 2017<\/time><\/li>\n\t\t\t\t\t\t\t\t\t\t<!-- <li><i class=\"fa fa-bookmark-o\"><\/i> <a href=\"\/?cat=1\" rel=\"category\">\u00a0\u00a0\u00a0<\/a><\/li> -->\n\t\t\t\t<\/ul>\n\t\t\t\t<h3 class=\"post-card-title\">R\u00e9f\u00e9rez-nous un ami et profitez!<\/h3>\n\t\t\t\t<p>&nbsp; R\u00e9f\u00e9rez-nous un ami et profitez! \u00c0 tous nos locataires, nous vous offrons la...<\/p>\n\t\t\t\t<a href=\"\/?p=3916\" class=\"read\"> <i class=\"fa fa-caret-right\"><\/i><\/a>\n\t\t\t<\/div>\n\t\t\t\n\t\t<\/div>\n\t<\/div>\n<\/div>\n                    <\/div>\n                                            <\/div>\n        <\/div>\n    \n        [vc_btn title=\u00a0\u00bbVOIR TOUTES LES NOUVELLES\u00a0\u00bb style=\u00a0\u00bb3d\u00a0\u00bb color=\u00a0\u00bbprimary\u00a0\u00bb align=\u00a0\u00bbcenter\u00a0\u00bb link=\u00a0\u00bburl:%2F%3Fpage_id%3D3162|||\u00a0\u00bb][\/vc_column][\/vc_row][vc_row][vc_column]\t\t<div\r\n\t\t\tclass=\"houzez-module module-title section-title-module text-center houzez-section-title-light\">\r\n\t\t\t<h2>\u00c0 propos de notre entreprise<\/h2>\r\n\r\n\t\t\t<h3 class=\"sub-heading\"><\/h3>\r\n\t\t<\/div>\r\n\t\t[vc_separator color=\u00a0\u00bbblue\u00a0\u00bb el_width=\u00a0\u00bb20&Prime;][vc_row_inner][vc_column_inner width=\u00a0\u00bb1\/2&Prime;][vc_column_text]<\/p>\n<p style=\"font-size: 120% !important; line-height: 220% !important; text-align: left!important;\">Multi-Gestion H\u00e9bert et Fils Inc. est une entreprise familiale qui g\u00e8re des logements de tailles diverses dans la r\u00e9gion de Qu\u00e9bec. Nos immeubles sont situ\u00e9s dans les quartiers Vanier et Montcalm, \u00e0 proximit\u00e9 des services et des axes de transport. Notre \u00e9quipe d\u00e9vou\u00e9e s\u2019affaire \u00e0 cr\u00e9er un environnement paisible pour tous nos locataires. Contactez-nous pour trouver l\u2019appartement que vous recherchez!<\/p>\n<p>[\/vc_column_text][\/vc_column_inner][vc_column_inner width=\u00a0\u00bb1\/2&Prime;][vc_single_image image=\u00a0\u00bb3654&Prime; img_size=\u00a0\u00bblarge\u00a0\u00bb css=\u00a0\u00bb.vc_custom_1487902532912{padding-left: 50px !important;}\u00a0\u00bb][\/vc_column_inner][\/vc_row_inner][vc_btn title=\u00a0\u00bbPLUS D&rsquo;INFORMATION\u00a0\u00bb style=\u00a0\u00bb3d\u00a0\u00bb color=\u00a0\u00bbprimary\u00a0\u00bb align=\u00a0\u00bbcenter\u00a0\u00bb link=\u00a0\u00bburl:%2F%3Fpage_id%3D3158|||\u00a0\u00bb][\/vc_column][\/vc_row]<\/p>\n","protected":false},"excerpt":{"rendered":"<p>[vc_row full_width=\u00a0\u00bbstretch_row\u00a0\u00bb css=\u00a0\u00bb.vc_custom_1459789901843{background-color: #ffffff !important;}\u00a0\u00bb][vc_column][\/vc_column][\/vc_row][vc_row][vc_column][vc_separator color=\u00a0\u00bbblue\u00a0\u00bb el_width=\u00a0\u00bb20&Prime; css=\u00a0\u00bb.vc_custom_1487190634118{margin-top: 0px !important;margin-bottom: 0px !important;padding-top: 0px !important;padding-bottom: 0px !important;}\u00a0\u00bb][\/vc_column][\/vc_row][vc_row][vc_column][vc_separator color=\u00a0\u00bbblue\u00a0\u00bb el_width=\u00a0\u00bb20&Prime;][vc_btn title=\u00a0\u00bbVOIR TOUTES LES NOUVELLES\u00a0\u00bb style=\u00a0\u00bb3d\u00a0\u00bb color=\u00a0\u00bbprimary\u00a0\u00bb align=\u00a0\u00bbcenter\u00a0\u00bb link=\u00a0\u00bburl:%2F%3Fpage_id%3D3162|||\u00a0\u00bb][\/vc_column][\/vc_row][vc_row][vc_column][vc_separator color=\u00a0\u00bbblue\u00a0\u00bb el_width=\u00a0\u00bb20&Prime;][vc_row_inner][vc_column_inner width=\u00a0\u00bb1\/2&Prime;][vc_column_text] Multi-Gestion H\u00e9bert et Fils Inc. est une entreprise familiale qui g\u00e8re des logements de tailles diverses dans la r\u00e9gion de Qu\u00e9bec. Nos immeubles sont situ\u00e9s dans [&hellip;]<\/p>\n","protected":false},"author":1,"featured_media":0,"parent":0,"menu_order":0,"comment_status":"closed","ping_status":"closed","template":"template\/template-homepage.php","meta":{"footnotes":""},"class_list":["post-1063","page","type-page","status-publish","hentry"],"yoast_head":"<!-- This site is optimized with the Yoast SEO plugin v19.6.1 - https:\/\/yoast.com\/wordpress\/plugins\/seo\/ -->\n<title>Accueil - Multi-Gestion H\u00e9bert<\/title>\n<meta name=\"robots\" content=\"index, follow, max-snippet:-1, max-image-preview:large, max-video-preview:-1\" \/>\n<link rel=\"canonical\" href=\"\/\" \/>\n<meta property=\"og:locale\" content=\"fr_CA\" \/>\n<meta property=\"og:type\" content=\"article\" \/>\n<meta property=\"og:title\" content=\"Accueil - Multi-Gestion H\u00e9bert\" \/>\n<meta property=\"og:description\" content=\"[vc_row full_width=\u00a0\u00bbstretch_row\u00a0\u00bb css=\u00a0\u00bb.vc_custom_1459789901843{background-color: #ffffff !important;}\u00a0\u00bb][vc_column][\/vc_column][\/vc_row][vc_row][vc_column][vc_separator color=\u00a0\u00bbblue\u00a0\u00bb el_width=\u00a0\u00bb20&Prime; css=\u00a0\u00bb.vc_custom_1487190634118{margin-top: 0px !important;margin-bottom: 0px !important;padding-top: 0px !important;padding-bottom: 0px !important;}\u00a0\u00bb][\/vc_column][\/vc_row][vc_row][vc_column][vc_separator color=\u00a0\u00bbblue\u00a0\u00bb el_width=\u00a0\u00bb20&Prime;][vc_btn title=\u00a0\u00bbVOIR TOUTES LES NOUVELLES\u00a0\u00bb style=\u00a0\u00bb3d\u00a0\u00bb color=\u00a0\u00bbprimary\u00a0\u00bb align=\u00a0\u00bbcenter\u00a0\u00bb link=\u00a0\u00bburl:%2F%3Fpage_id%3D3162|||\u00a0\u00bb][\/vc_column][\/vc_row][vc_row][vc_column][vc_separator color=\u00a0\u00bbblue\u00a0\u00bb el_width=\u00a0\u00bb20&Prime;][vc_row_inner][vc_column_inner width=\u00a0\u00bb1\/2&Prime;][vc_column_text] Multi-Gestion H\u00e9bert et Fils Inc. est une entreprise familiale qui g\u00e8re des logements de tailles diverses dans la r\u00e9gion de Qu\u00e9bec. Nos immeubles sont situ\u00e9s dans [&hellip;]\" \/>\n<meta property=\"og:url\" content=\"\/\" \/>\n<meta property=\"og:site_name\" content=\"Multi-Gestion H\u00e9bert\" \/>\n<meta property=\"article:modified_time\" content=\"2017-05-07T17:22:07+00:00\" \/>\n<meta name=\"twitter:card\" content=\"summary\" \/>\n<meta name=\"twitter:label1\" content=\"Estimation du temps de lecture\" \/>\n\t<meta name=\"twitter:data1\" content=\"2 minutes\" \/>\n<script type=\"application\/ld+json\" class=\"yoast-schema-graph\">{\"@context\":\"https:\/\/schema.org\",\"@graph\":[{\"@type\":\"WebPage\",\"@id\":\"\/\",\"url\":\"\/\",\"name\":\"Accueil - Multi-Gestion H\u00e9bert\",\"isPartOf\":{\"@id\":\"\/#website\"},\"datePublished\":\"2016-03-14T19:34:37+00:00\",\"dateModified\":\"2017-05-07T17:22:07+00:00\",\"breadcrumb\":{\"@id\":\"\/#breadcrumb\"},\"inLanguage\":\"fr-CA\",\"potentialAction\":[{\"@type\":\"ReadAction\",\"target\":[\"\/\"]}]},{\"@type\":\"BreadcrumbList\",\"@id\":\"\/#breadcrumb\",\"itemListElement\":[{\"@type\":\"ListItem\",\"position\":1,\"name\":\"Home\",\"item\":\"\/\"},{\"@type\":\"ListItem\",\"position\":2,\"name\":\"Accueil\"}]},{\"@type\":\"WebSite\",\"@id\":\"\/#website\",\"url\":\"\/\",\"name\":\"Multi-Gestion H\u00e9bert\",\"description\":\"Gestion Immobili\u00e8re\",\"potentialAction\":[{\"@type\":\"SearchAction\",\"target\":{\"@type\":\"EntryPoint\",\"urlTemplate\":\"\/?s={search_term_string}\"},\"query-input\":\"required name=search_term_string\"}],\"inLanguage\":\"fr-CA\"}]}<\/script>\n<!-- \/ Yoast SEO plugin. -->","yoast_head_json":{"title":"Accueil - Multi-Gestion H\u00e9bert","robots":{"index":"index","follow":"follow","max-snippet":"max-snippet:-1","max-image-preview":"max-image-preview:large","max-video-preview":"max-video-preview:-1"},"canonical":"\/","og_locale":"fr_CA","og_type":"article","og_title":"Accueil - Multi-Gestion H\u00e9bert","og_description":"[vc_row full_width=\u00a0\u00bbstretch_row\u00a0\u00bb css=\u00a0\u00bb.vc_custom_1459789901843{background-color: #ffffff !important;}\u00a0\u00bb][vc_column][\/vc_column][\/vc_row][vc_row][vc_column][vc_separator color=\u00a0\u00bbblue\u00a0\u00bb el_width=\u00a0\u00bb20&Prime; css=\u00a0\u00bb.vc_custom_1487190634118{margin-top: 0px !important;margin-bottom: 0px !important;padding-top: 0px !important;padding-bottom: 0px !important;}\u00a0\u00bb][\/vc_column][\/vc_row][vc_row][vc_column][vc_separator color=\u00a0\u00bbblue\u00a0\u00bb el_width=\u00a0\u00bb20&Prime;][vc_btn title=\u00a0\u00bbVOIR TOUTES LES NOUVELLES\u00a0\u00bb style=\u00a0\u00bb3d\u00a0\u00bb color=\u00a0\u00bbprimary\u00a0\u00bb align=\u00a0\u00bbcenter\u00a0\u00bb link=\u00a0\u00bburl:%2F%3Fpage_id%3D3162|||\u00a0\u00bb][\/vc_column][\/vc_row][vc_row][vc_column][vc_separator color=\u00a0\u00bbblue\u00a0\u00bb el_width=\u00a0\u00bb20&Prime;][vc_row_inner][vc_column_inner width=\u00a0\u00bb1\/2&Prime;][vc_column_text] Multi-Gestion H\u00e9bert et Fils Inc. est une entreprise familiale qui g\u00e8re des logements de tailles diverses dans la r\u00e9gion de Qu\u00e9bec. Nos immeubles sont situ\u00e9s dans [&hellip;]","og_url":"\/","og_site_name":"Multi-Gestion H\u00e9bert","article_modified_time":"2017-05-07T17:22:07+00:00","twitter_card":"summary","twitter_misc":{"Estimation du temps de lecture":"2 minutes"},"schema":{"@context":"https:\/\/schema.org","@graph":[{"@type":"WebPage","@id":"\/","url":"\/","name":"Accueil - Multi-Gestion H\u00e9bert","isPartOf":{"@id":"\/#website"},"datePublished":"2016-03-14T19:34:37+00:00","dateModified":"2017-05-07T17:22:07+00:00","breadcrumb":{"@id":"\/#breadcrumb"},"inLanguage":"fr-CA","potentialAction":[{"@type":"ReadAction","target":["\/"]}]},{"@type":"BreadcrumbList","@id":"\/#breadcrumb","itemListElement":[{"@type":"ListItem","position":1,"name":"Home","item":"\/"},{"@type":"ListItem","position":2,"name":"Accueil"}]},{"@type":"WebSite","@id":"\/#website","url":"\/","name":"Multi-Gestion H\u00e9bert","description":"Gestion Immobili\u00e8re","potentialAction":[{"@type":"SearchAction","target":{"@type":"EntryPoint","urlTemplate":"\/?s={search_term_string}"},"query-input":"required name=search_term_string"}],"inLanguage":"fr-CA"}]}},"_links":{"self":[{"href":"\/index.php?rest_route=\/wp\/v2\/pages\/1063","targetHints":{"allow":["GET"]}}],"collection":[{"href":"\/index.php?rest_route=\/wp\/v2\/pages"}],"about":[{"href":"\/index.php?rest_route=\/wp\/v2\/types\/page"}],"author":[{"embeddable":true,"href":"\/index.php?rest_route=\/wp\/v2\/users\/1"}],"replies":[{"embeddable":true,"href":"\/index.php?rest_route=%2Fwp%2Fv2%2Fcomments&post=1063"}],"version-history":[{"count":54,"href":"\/index.php?rest_route=\/wp\/v2\/pages\/1063\/revisions"}],"predecessor-version":[{"id":3887,"href":"\/index.php?rest_route=\/wp\/v2\/pages\/1063\/revisions\/3887"}],"wp:attachment":[{"href":"\/index.php?rest_route=%2Fwp%2Fv2%2Fmedia&parent=1063"}],"curies":[{"name":"wp","href":"https:\/\/api.w.org\/{rel}","templated":true}]}}